{"id":6,"date":"2020-03-04T20:21:48","date_gmt":"2020-03-04T20:21:48","guid":{"rendered":"http:\/\/neu.naturheilpraxis-fhain.de\/?page_id=6"},"modified":"2020-04-14T19:06:38","modified_gmt":"2020-04-14T19:06:38","slug":"therapien","status":"publish","type":"page","link":"https:\/\/naturheilpraxis-fhain.de\/?page_id=6","title":{"rendered":"Therapien"},"content":{"rendered":"\n<figure class=\"wp-block-pullquote alignwide is-style-default\" style=\"border-color:#4c89bf\"><blockquote class=\"has-text-color has-very-dark-gray-color\"><p> Klassische Akupunktur<\/p><cite> Sie ist ein wesentlicher Bestandteil der traditionellen chinesischen Medizin (TCM), einer jahrtausende alten asiatischen Heilkunst.<br>Man unterscheidet hier die energetische und die symptomatische Akupunktur.<br>Bei der symptomatischen Akupunktur werden nach einer speziellen ausf\u00fchrlichen Anamnese nur die Punkte \u201egenadelt\u201c, die der jeweiligen St\u00f6rung bzw. den auftretenden Schmerzen zugeordnet sind.<br>Hier werden besonders die akuten und schmerzhaften Zust\u00e4nde behandelt.<br>Mit der energetischen Akupunktur werden dagegen St\u00f6rungen oder Beschwerden behandelt, die auf ein Ungleichgewicht der k\u00f6rpereigenen Yin und Yang Energiefl\u00fcsse zur\u00fcckzuf\u00fchren sind.<br>Dieses Ungleichgewicht wird mit einer ausf\u00fchrlichen Anamnese sowie Zungen- und Pulsdiagnostik festgestellt und durch Nadelung bestimmter Punktkombinationen behandelt. <\/cite><\/blockquote><\/figure>\n\n\n\n<figure class=\"wp-block-pullquote alignwide is-style-default\" style=\"border-color:#4c89bf\"><blockquote><p>  Chiropraktik nach Ackermann<\/p><cite>  Beinahe jeder Mensch hat in der heutigen Zeit Sch\u00e4den durch ungesunde<br>K\u00f6rperhaltung oder \u00fcberm\u00e4\u00dfige und falsche Belastung der Wirbels\u00e4ule.<br>Bei dieser Therapieform werden mit wenigen, gezielten, sanften Griffen Fehlstellungen der R\u00fcckenwirbel, des Beckens oder anderer Gelenke korrigiert.<br>Es wird hierbei immer die gesamte Wirbels\u00e4ule untersucht und behandelt, da durch Fehlstellungen des Beckens St\u00f6rungen bis in die Halswirbels\u00e4ule hinauf auftreten k\u00f6nnen.<br>Schon nach einer bzw. wenigen Behandlungen kann oft Beschwerde- oder Schmerzfreiheit erlangt werden. <\/cite><\/blockquote><\/figure>\n\n\n\n<figure class=\"wp-block-pullquote alignwide is-style-default\" style=\"border-color:#4c89bf\"><blockquote><p>  Ohrakupunktur nach Nogier<\/p><cite>  Diese Akupunkturform stellt im Vergleich zur klassischen Akupunktur eine noch relativ junge Therapie dar.<br> Der franz\u00f6sische Arzt Dr. Nogier entwickelte in den 50er Jahren des vergangenen Jahrhunderts diese Methode zur Behandlung von Schmerzzust\u00e4nden und St\u00f6rungen des K\u00f6rpers.<br> Hierbei wird die Ohrmuschel des Patienten mittels eines Tasters nach Schmerzpunkten und anderen Auff\u00e4lligkeiten untersucht.<br> Diese auff\u00e4lligen Punkte werden dann mit sterilen Akupunkturnadeln behandelt.<br> Da bestimmte Areale des Ohres mit verschiedenen Organen und K\u00f6rperregionen verbunden sind, kann man so viele Arten von Beschwerden lindern und heilen.<\/cite><\/blockquote><\/figure>\n\n\n\n<figure class=\"wp-block-pullquote alignwide is-style-default\" style=\"border-color:#4c89bf\"><blockquote><p>  Sauerstoff- Ozon Therapie<\/p><cite>  Sauerstoff wie wir ihn atmen besteht aus zwei Atomen. Es gibt aber noch eine besonders aktive Form des Sauerstoffs, das Ozon, welche aus drei Sauerstoffatomen besteht. Diese ist aber unter normalen Umst\u00e4nden nicht sehr stabil, das hei\u00dft es zerf\u00e4llt. Das eine \u201e\u00fcbrige\u201c Atom besitzt eine sehr hohe Reaktionsbereitschaft und bindet sich direkt an die roten Blutk\u00f6rperchen, von wo es schnell zum Ort des erh\u00f6hten Bedarfes transportiert wird.<br> Es gibt verschieden M\u00f6glichkeiten den aktiven Sauerstoff an die Stelle des Sauerstoffmangels zu bringen, als Injektion, gro\u00dfe oder kleine Eigenblutbehandlung und als Begasung von au\u00dfen, um nur einige zu nennen.<br> Des Weiteren besitzt Ozon stark antibakterielle, antimykotische (pilzabt\u00f6tend) und Viren hemmende Eigenschaften.<\/cite><\/blockquote><\/figure>\n\n\n\n<figure class=\"wp-block-pullquote alignwide is-style-default\" style=\"border-color:#4c89bf\"><blockquote><p>Aktive Sauerstofftherapie<\/p><cite>  In der heutigen Zeit sind wir starken Belastungen durch Umweltgifte, Bewegungsarmut, Fehl- und \u00dcberern\u00e4hrung und vieles andere ausgesetzt. Die Folge daraus ist meist ein chronischer Mangel an Sauerstoff. Sauerstoff ist aber f\u00fcr die Funktion des K\u00f6rpers und seiner einzelnen Organe unerl\u00e4sslich. Dem wirkt die UVB- Therapie entgegen.<br> Bei der UVB wird ven\u00f6ses Blut mit ultraviolettem Licht einer ganz bestimmten Frequenz bestrahlt und auf diesem Wege die Reaktionsbereitschaft seiner einzelnen Bestandteile erh\u00f6ht. Es kann u.a. vermehrt Sauerstoff aufnehmen und transportieren.<br> Durch die UVB werden die Flie\u00dfeigenschaften des Blutes, die Zellatmung und die Sauerstoffverwertung in erkrankten Gebieten mit Sauerstoffmangel verbessert.<br> Sie kann auch mit verschieden anderen Therapien kombiniert, unterst\u00fctzend zu diesen oder vorbeugend angewandt werden.<\/cite><\/blockquote><\/figure>\n\n\n\n<figure class=\"wp-block-pullquote alignwide is-style-default\" style=\"border-color:#4c89bf\"><blockquote><p>Neuraltherapie nach Hunecke<\/p><cite>  Seit Anfang des letzten Jahrhunderts werden mittels Neuraltherapie eine gro\u00dfe Anzahl von St\u00f6rungen und Leiden behandelt.<br> Dieser Therapie liegt der Gedanke zu Grunde, dass viele k\u00f6rperliche Beschwerden und vor allem Schmerzen durch ein St\u00f6rfeld, einen Herd bzw. durch eine Fehlregulation des vegetativen Nervensystems ausgel\u00f6st werden.<br> Die Neuraltherapie ist als Regulationstherapie eine Ganzheitstherapie. Durch gezielte \u00f6rtliche Bet\u00e4ubung von einzelnen Nerven oder Segmenten kann oft nach nur wenigen Behandlungen bereits Schmerzfreiheit erzielt werden. Auf den mittels Injektion gesetzten Heilreiz erfolgt eine Reaktion des ganzen K\u00f6rpers. Dies wird beispielsweise deutlich, dass der Injektionsort nicht immer der Schmerzort sein muss. Der weitere Therapieerfolg \u00fcber die nur kurz anhaltende Bet\u00e4ubung hinaus, ist durch komplizierte sehr komplexe biochemische Abl\u00e4ufe innerhalb der Zelle und deren Reaktionspotential begr\u00fcndet.<br> Es k\u00f6nnen durch nicht vollst\u00e4ndig ausgeheilte Infektionen so genannte Streuherde verbleiben, die \u00fcber eine lange Zeit immer wieder Probleme oder Schmerzen verursachen. Probleme, die nicht unmittelbar mit der Grunderkrankung in Zusammenhang stehen m\u00fcssen.<\/cite><\/blockquote><\/figure>\n\n\n\n<figure class=\"wp-block-pullquote alignwide is-style-default\" style=\"border-color:#4c89bf\"><blockquote><p>Triggertherapie<\/p><cite>  Bei Schmerzen in R\u00fccken, Beinen, Armen oder Schultern kann die Ursache in verspannter Muskulatur zu finden sein. Vor allem bei chronischen Schmerzen reagiert der Muskel mit Verspannung oder Verkrampfung.<br> In der Muskulatur sind solche Verspannungen als so genannte Trigger &#8211; points tastbar. (trigger ;engl.= Ausl\u00f6ser) Diese Punkte entstehen durch eine Unzureichende Durchblutung der Muskulatur und dem damit verbundenen Sauerstoffmangel. Der Muskel verliert seine Funktionsf\u00e4higkeit, verspannt und verh\u00e4rtet. Diese Verh\u00e4rtungen sind mit Krankengymnastik oder Massagen oft nur unzureichend behandelbar. Weiterhin k\u00f6nnen Triggerpunkte Schmerzsignale in den K\u00f6rper aussenden, die dann an v\u00f6llig anderer Stelle auftreten.<br> Behandelt werden Triggerpunkte mittels eines gezielten dosierten Druckes mit den H\u00e4nden.<br> Die Muskeln lockern sich, die Durchblutung wird verbessert und damit wird<br> die Funktionsf\u00e4higkeit der Muskeln wieder hergestellt.<\/cite><\/blockquote><\/figure>\n\n\n<p><!-- Booking Widget Start --><br \/>\n<script>\nwindow.shoreBookingSettings = {\n themeColor: '#4c89bf',\n textColor: '#ffffff',\n text: 'Online Termin anfragen',\n company: 'naturheilpraxis-friedrichshain--2',\n locale: 'de',\n position: 'left',\n selectLocation: false,\n};\n<\/script><br \/>\n<script src=\"https:\/\/connect.shore.com\/widget\/booking.js\"><\/script><br \/>\n<!-- Booking Widget End --><\/p>\n\n\n\n<p><\/p>\n\n\n\n<p><\/p>\n","protected":false},"excerpt":{"rendered":"<p>Klassische Akupunktur Sie ist ein wesentlicher Bestandteil der traditionellen chinesischen Medizin (TCM), einer jahrtausende alten asiatischen Heilkunst.Man unterscheidet hier die energetische und die symptomatische Akupunktur.Bei der symptomatischen Akupunktur werden nach &#8230;<\/p>\n","protected":false},"author":1,"featured_media":0,"parent":0,"menu_order":0,"comment_status":"closed","ping_status":"closed","template":"","meta":[],"_links":{"self":[{"href":"https:\/\/naturheilpraxis-fhain.de\/index.php?rest_route=\/wp\/v2\/pages\/6"}],"collection":[{"href":"https:\/\/naturheilpraxis-fhain.de\/index.php?rest_route=\/wp\/v2\/pages"}],"about":[{"href":"https:\/\/naturheilpraxis-fhain.de\/index.php?rest_route=\/wp\/v2\/types\/page"}],"author":[{"embeddable":true,"href":"https:\/\/naturheilpraxis-fhain.de\/index.php?rest_route=\/wp\/v2\/users\/1"}],"replies":[{"embeddable":true,"href":"https:\/\/naturheilpraxis-fhain.de\/index.php?rest_route=%2Fwp%2Fv2%2Fcomments&post=6"}],"version-history":[{"count":20,"href":"https:\/\/naturheilpraxis-fhain.de\/index.php?rest_route=\/wp\/v2\/pages\/6\/revisions"}],"predecessor-version":[{"id":171,"href":"https:\/\/naturheilpraxis-fhain.de\/index.php?rest_route=\/wp\/v2\/pages\/6\/revisions\/171"}],"wp:attachment":[{"href":"https:\/\/naturheilpraxis-fhain.de\/index.php?rest_route=%2Fwp%2Fv2%2Fmedia&parent=6"}],"curies":[{"name":"wp","href":"https:\/\/api.w.org\/{rel}","templated":true}]}}