{"id":55,"date":"2020-03-05T08:00:33","date_gmt":"2020-03-05T08:00:33","guid":{"rendered":"http:\/\/neu.naturheilpraxis-fhain.de\/?page_id=55"},"modified":"2020-04-14T19:00:08","modified_gmt":"2020-04-14T19:00:08","slug":"impressum","status":"publish","type":"page","link":"https:\/\/naturheilpraxis-fhain.de\/?page_id=55","title":{"rendered":"Impressum"},"content":{"rendered":"\n<p><strong>Verantwortlicher f\u00fcr den Inhalt der Website:<\/strong><br>Sebastian M\u00f6sing, Mainzer Str. 7, 10247 Berlin<\/p>\n\n\n\n<p><strong>\u00d6ffnungszeiten:<\/strong><br>Mo.- Fr. 9.00- 13.00 Uhr<br>Mo, Mi, Do 14.00-18.00 Uhr<br>nach Vereinbarung<\/p>\n\n\n\n<p><strong>gesetzliche Berufsbezeichnung:<\/strong><br>Heilpraktiker<\/p>\n\n\n\n<p><strong>zust\u00e4ndige Aufsichtsbeh\u00f6rde:<\/strong><br>Landesamt f\u00fcr Gesundheit und Soziales Berlin<br>Postfach 310929, 10639 Berlin<br>Bezirksamt Friedrichshain-Kreuzberg Gesundheitsamt<\/p>\n\n\n\n<p><strong>Tag der amts\u00e4rzlichen \u00dcberpr\u00fcfung:<\/strong><br>Erteilung der Erlaubnis der Aus\u00fcbung der Heilkunde wurde ausgestellt am 16.05.2002<\/p>\n\n\n\n<p><strong>Zulassung durch Gesundheitsamt:<\/strong><br>Kreisgesundheitsbeh\u00f6rde Nordfriesland, Damm 8, 25813 Husum<\/p>\n\n\n\n<p><strong>Berufshaftpflichtversicherung:<\/strong><br>Continentale VersicherungsNr.: 149984675<\/p>\n\n\n\n<p><strong>Haftungshinweis:<\/strong><br>Trotz sorgf\u00e4ltiger inhaltlicher Kontrolle \u00fcbernehmen wir keine Haftung f\u00fcr die Inhalte externer Links. F\u00fcr den Inhalt der verlinkten Seiten sind ausschlie\u00dflich deren Betreiber verantwortlich. <\/p>\n\n\n<p><!-- Booking Widget Start --><br \/>\n<script>\nwindow.shoreBookingSettings = {\n themeColor: '#4c89bf',\n textColor: '#ffffff',\n text: 'Online Termin anfragen',\n company: 'naturheilpraxis-friedrichshain--2',\n locale: 'de',\n position: 'left',\n selectLocation: false,\n};\n<\/script><br \/>\n<script src=\"https:\/\/connect.shore.com\/widget\/booking.js\"><\/script><br \/>\n<!-- Booking Widget End --><\/p>\n\n\n\n<p><\/p>\n","protected":false},"excerpt":{"rendered":"<p>Verantwortlicher f\u00fcr den Inhalt der Website:Sebastian M\u00f6sing, Mainzer Str. 7, 10247 Berlin \u00d6ffnungszeiten:Mo.- Fr. 9.00- 13.00 UhrMo, Mi, Do 14.00-18.00 Uhrnach Vereinbarung gesetzliche Berufsbezeichnung:Heilpraktiker zust\u00e4ndige Aufsichtsbeh\u00f6rde:Landesamt f\u00fcr Gesundheit und Soziales &#8230;<\/p>\n","protected":false},"author":1,"featured_media":0,"parent":0,"menu_order":0,"comment_status":"closed","ping_status":"closed","template":"","meta":[],"_links":{"self":[{"href":"https:\/\/naturheilpraxis-fhain.de\/index.php?rest_route=\/wp\/v2\/pages\/55"}],"collection":[{"href":"https:\/\/naturheilpraxis-fhain.de\/index.php?rest_route=\/wp\/v2\/pages"}],"about":[{"href":"https:\/\/naturheilpraxis-fhain.de\/index.php?rest_route=\/wp\/v2\/types\/page"}],"author":[{"embeddable":true,"href":"https:\/\/naturheilpraxis-fhain.de\/index.php?rest_route=\/wp\/v2\/users\/1"}],"replies":[{"embeddable":true,"href":"https:\/\/naturheilpraxis-fhain.de\/index.php?rest_route=%2Fwp%2Fv2%2Fcomments&post=55"}],"version-history":[{"count":8,"href":"https:\/\/naturheilpraxis-fhain.de\/index.php?rest_route=\/wp\/v2\/pages\/55\/revisions"}],"predecessor-version":[{"id":166,"href":"https:\/\/naturheilpraxis-fhain.de\/index.php?rest_route=\/wp\/v2\/pages\/55\/revisions\/166"}],"wp:attachment":[{"href":"https:\/\/naturheilpraxis-fhain.de\/index.php?rest_route=%2Fwp%2Fv2%2Fmedia&parent=55"}],"curies":[{"name":"wp","href":"https:\/\/api.w.org\/{rel}","templated":true}]}}